{"id":751,"date":"2021-06-29T06:57:35","date_gmt":"2021-06-29T11:57:35","guid":{"rendered":"https:\/\/panaderialabuenavida.com\/?page_id=751"},"modified":"2024-12-01T20:24:59","modified_gmt":"2024-12-02T02:24:59","slug":"lbv-checkout","status":"publish","type":"page","link":"https:\/\/panaderialabuenavida.com\/en\/lbv-checkout\/","title":{"rendered":"LBV-Checkout"},"content":{"rendered":"<p>[et_pb_section fb_built=&#8221;1&#8243; fullwidth=&#8221;on&#8221; admin_label=&#8221;Menu Header Section&#8221; module_class=&#8221;order-menu&#8221; _builder_version=&#8221;4.14.7&#8243; background_color=&#8221;#bfe1dd&#8221; positioning=&#8221;none&#8221; module_alignment=&#8221;center&#8221; custom_margin=&#8221;0px|0px|0px|0px|false|false&#8221; custom_padding=&#8221;0px|0px|0px|0px|false|false&#8221; module_alignment_tablet=&#8221;center&#8221; module_alignment_phone=&#8221;&#8221; module_alignment_last_edited=&#8221;on|desktop&#8221; collapsed=&#8221;off&#8221; global_colors_info=&#8221;{}&#8221;][et_pb_fullwidth_menu menu_id=&#8221;21&#8243; fullwidth_menu=&#8221;on&#8221; active_link_color=&#8221;#449287&#8243; logo=&#8221;https:\/\/panaderialabuenavida.com\/wp-content\/uploads\/2022\/06\/LBV-MENU-Logotipo@2x.png&#8221; logo_url=&#8221;panaderialabuenavida.com\/lbv-menu\/#&#8221; logo_max_height=&#8221;120px&#8221; logo_tablet=&#8221;https:\/\/panaderialabuenavida.com\/wp-content\/uploads\/2022\/06\/LBV-MENU-Logotipo@2x.png&#8221; logo_phone=&#8221;https:\/\/panaderialabuenavida.com\/wp-content\/uploads\/2022\/06\/LBV-MENU-Logotipo@2x.png&#8221; logo_last_edited=&#8221;on|phone&#8221; logo_width_tablet=&#8221;&#8221; logo_width_phone=&#8221;&#8221; logo_width_last_edited=&#8221;on|phone&#8221; logo_max_width_tablet=&#8221;&#8221; logo_max_width_phone=&#8221;&#8221; logo_max_width_last_edited=&#8221;on|phone&#8221; logo_height_tablet=&#8221;100px&#8221; logo_height_phone=&#8221;90px&#8221; logo_height_last_edited=&#8221;on|tablet&#8221; logo_max_height_tablet=&#8221;100px&#8221; logo_max_height_phone=&#8221;90px&#8221; logo_max_height_last_edited=&#8221;on|desktop&#8221; admin_label=&#8221;Menu\u2013MenuPage-1&#8243; module_class=&#8221;order-menu&#8221; _builder_version=&#8221;4.14.7&#8243; _module_preset=&#8221;default&#8221; menu_font=&#8221;|700||on|||||&#8221; menu_text_color=&#8221;#449287&#8243; menu_font_size=&#8221;1em&#8221; menu_letter_spacing=&#8221;2px&#8221; menu_line_height=&#8221;2em&#8221; background_color=&#8221;rgba(254,252,239,0.85)&#8221; transform_scale_tablet=&#8221;&#8221; transform_scale_phone=&#8221;&#8221; transform_scale_last_edited=&#8221;on|desktop&#8221; transform_translate_tablet=&#8221;&#8221; transform_translate_phone=&#8221;&#8221; transform_translate_last_edited=&#8221;on|tablet&#8221; transform_rotate_tablet=&#8221;&#8221; transform_rotate_phone=&#8221;&#8221; transform_rotate_last_edited=&#8221;on|tablet&#8221; transform_skew_tablet=&#8221;&#8221; transform_skew_phone=&#8221;&#8221; transform_skew_last_edited=&#8221;on|tablet&#8221; transform_origin_tablet=&#8221;&#8221; transform_origin_phone=&#8221;&#8221; transform_origin_last_edited=&#8221;on|tablet&#8221; positioning=&#8221;relative&#8221; horizontal_offset=&#8221;0px&#8221; vertical_offset_tablet=&#8221;-4px&#8221; vertical_offset_phone=&#8221;-16px&#8221; vertical_offset_last_edited=&#8221;on|phone&#8221; horizontal_offset_tablet=&#8221;&#8221; horizontal_offset_phone=&#8221;&#8221; horizontal_offset_last_edited=&#8221;on|desktop&#8221; position_origin_a_tablet=&#8221;&#8221; position_origin_a_phone=&#8221;&#8221; position_origin_a_last_edited=&#8221;on|tablet&#8221; position_origin_f_tablet=&#8221;&#8221; position_origin_f_phone=&#8221;&#8221; position_origin_f_last_edited=&#8221;on|tablet&#8221; position_origin_r_tablet=&#8221;&#8221; position_origin_r_phone=&#8221;&#8221; position_origin_r_last_edited=&#8221;on|tablet&#8221; module_alignment=&#8221;center&#8221; min_height_tablet=&#8221;80px&#8221; min_height_phone=&#8221;75px&#8221; min_height_last_edited=&#8221;on|phone&#8221; height_tablet=&#8221;&#8221; height_phone=&#8221;75px&#8221; height_last_edited=&#8221;on|phone&#8221; max_height=&#8221;100px&#8221; max_height_tablet=&#8221;&#8221; max_height_phone=&#8221;75px&#8221; max_height_last_edited=&#8221;on|phone&#8221; custom_margin=&#8221;0px||0px||false|false&#8221; custom_margin_tablet=&#8221;||||false|false&#8221; custom_margin_phone=&#8221;0px|||0px|false|false&#8221; custom_margin_last_edited=&#8221;on|phone&#8221; custom_padding=&#8221;|0px|0px|115px|false|false&#8221; custom_padding_tablet=&#8221;0px|0px|0px|90px|false|false&#8221; custom_padding_phone=&#8221;0px|0px||54px|false|false&#8221; custom_padding_last_edited=&#8221;on|phone&#8221; sticky_position=&#8221;top&#8221; menu_font_size_tablet=&#8221;0.9em&#8221; menu_font_size_phone=&#8221;0.9em&#8221; menu_font_size_last_edited=&#8221;on|tablet&#8221; menu_letter_spacing_tablet=&#8221;1.2px&#8221; menu_letter_spacing_phone=&#8221;1.2px&#8221; menu_letter_spacing_last_edited=&#8221;on|phone&#8221; menu_line_height_tablet=&#8221;2em&#8221; menu_line_height_phone=&#8221;1.2em&#8221; menu_line_height_last_edited=&#8221;on|phone&#8221; background_color_tablet=&#8221;rgba(254,252,239,0.85)&#8221; background_last_edited=&#8221;on|desktop&#8221; background_enable_color_tablet=&#8221;on&#8221; positioning_tablet=&#8221;&#8221; positioning_phone=&#8221;&#8221; positioning_last_edited=&#8221;on|phone&#8221; module_alignment_tablet=&#8221;center&#8221; module_alignment_phone=&#8221;center&#8221; module_alignment_last_edited=&#8221;on|phone&#8221; overflow-x_tablet=&#8221;&#8221; overflow-x_phone=&#8221;&#8221; overflow-x_last_edited=&#8221;on|tablet&#8221; overflow-y_tablet=&#8221;&#8221; overflow-y_phone=&#8221;&#8221; overflow-y_last_edited=&#8221;on|desktop&#8221; child_mix_blend_mode_tablet=&#8221;&#8221; child_mix_blend_mode_phone=&#8221;&#8221; child_mix_blend_mode_last_edited=&#8221;on|desktop&#8221; hover_transition_duration_tablet=&#8221;&#8221; hover_transition_duration_phone=&#8221;&#8221; hover_transition_duration_last_edited=&#8221;on|desktop&#8221; sticky_position_tablet=&#8221;&#8221; sticky_position_phone=&#8221;&#8221; sticky_position_last_edited=&#8221;on|desktop&#8221; sticky_offset_surrounding_tablet=&#8221;&#8221; sticky_offset_surrounding_phone=&#8221;&#8221; sticky_offset_surrounding_last_edited=&#8221;on|tablet&#8221; border_radii_tablet=&#8221;&#8221; border_radii_phone=&#8221;&#8221; border_radii_last_edited=&#8221;on|tablet&#8221; border_style_all_image=&#8221;none&#8221; border_radii_image_tablet=&#8221;on||||&#8221; border_radii_image_phone=&#8221;&#8221; border_radii_image_last_edited=&#8221;on|tablet&#8221; border_width_all_image_tablet=&#8221;&#8221; border_width_all_image_phone=&#8221;&#8221; border_width_all_image_last_edited=&#8221;on|tablet&#8221; border_style_all_image_tablet=&#8221;none&#8221; border_style_all_image_phone=&#8221;none&#8221; border_style_all_image_last_edited=&#8221;on|tablet&#8221; locked=&#8221;off&#8221; global_colors_info=&#8221;{}&#8221; logo__hover_enabled=&#8221;on|desktop&#8221; logo__hover=&#8221;https:\/\/panaderialabuenavida.com\/wp-content\/uploads\/2022\/06\/LBV-MENU-Logotipo@2x.png&#8221; background__hover_enabled=&#8221;on|hover&#8221;][\/et_pb_fullwidth_menu][\/et_pb_section][et_pb_section fb_built=&#8221;1&#8243; admin_label=&#8221;Menu Items&#8221; _builder_version=&#8221;4.14.7&#8243; _module_preset=&#8221;default&#8221; background_color=&#8221;#bfe1dd&#8221; module_alignment=&#8221;center&#8221; custom_margin=&#8221;0px|0px||0px|false|false&#8221; custom_padding=&#8221;40px|0px||0px|false|false&#8221; collapsed=&#8221;off&#8221; global_colors_info=&#8221;{}&#8221;][et_pb_row admin_label=&#8221;Please Review Your Order&#8221; _builder_version=&#8221;4.14.7&#8243; _module_preset=&#8221;default&#8221; horizontal_offset=&#8221;0px&#8221; horizontal_offset_tablet=&#8221;&#8221; horizontal_offset_phone=&#8221;&#8221; horizontal_offset_last_edited=&#8221;on|desktop&#8221; width_tablet=&#8221;&#8221; width_phone=&#8221;&#8221; width_last_edited=&#8221;on|desktop&#8221; module_alignment=&#8221;center&#8221; custom_margin=&#8221;0px|0px|0px|0px|false|false&#8221; custom_margin_tablet=&#8221;&#8221; custom_margin_phone=&#8221;&#8221; custom_margin_last_edited=&#8221;on|desktop&#8221; custom_padding=&#8221;0px|0px|0px|0px|false|false&#8221; background_last_edited=&#8221;on|desktop&#8221; collapsed=&#8221;off&#8221; global_colors_info=&#8221;{}&#8221;][et_pb_column type=&#8221;4_4&#8243; admin_label=&#8221;Please Review Your Order&#8221; _builder_version=&#8221;4.14.7&#8243; _module_preset=&#8221;default&#8221; custom_padding=&#8221;0px||||false|false&#8221; global_colors_info=&#8221;{}&#8221;][et_pb_text admin_label=&#8221;Please Review Your Order&#8221; module_id=&#8221;pan-de-caja&#8221; _builder_version=&#8221;4.14.7&#8243; _module_preset=&#8221;default&#8221; header_text_align=&#8221;center&#8221; header_letter_spacing=&#8221;2px&#8221; header_3_text_align=&#8221;center&#8221; header_3_text_color=&#8221;#623200&#8243; header_3_font_size=&#8221;0.75em&#8221; header_4_line_height=&#8221;0.5em&#8221; text_orientation=&#8221;center&#8221; custom_margin=&#8221;|0px|0px|0px|false|false&#8221; custom_padding=&#8221;10px|0px|0px|0px|false|false&#8221; text_font_tablet=&#8221;&#8221; text_font_phone=&#8221;&#8221; text_font_last_edited=&#8221;on|desktop&#8221; header_3_text_align_tablet=&#8221;&#8221; header_3_text_align_phone=&#8221;&#8221; header_3_text_align_last_edited=&#8221;on|desktop&#8221; header_3_font_size_tablet=&#8221;0.7em&#8221; header_3_font_size_phone=&#8221;&#8221; header_3_font_size_last_edited=&#8221;on|phone&#8221; text_orientation_tablet=&#8221;&#8221; text_orientation_phone=&#8221;&#8221; text_orientation_last_edited=&#8221;on|desktop&#8221; module_alignment_tablet=&#8221;center&#8221; module_alignment_phone=&#8221;&#8221; module_alignment_last_edited=&#8221;on|tablet&#8221; border_color_all=&#8221;#623200&#8243; border_width_bottom=&#8221;5px&#8221; border_color_bottom=&#8221;#7b3f00&#8243; border_style_bottom=&#8221;dotted&#8221; global_colors_info=&#8221;{}&#8221;]<\/p>\n<h3 style=\"line-height: 1.4; text-align: center;\"><strong><span class=\"VIiyi\" lang=\"es\"><span class=\"JLqJ4b ChMk0b\" data-language-for-alternatives=\"es\" data-language-to-translate-into=\"en\" data-phrase-index=\"0\" data-number-of-phrases=\"1\">REVISAR PEDIDO <\/span><\/span>\/ REVIEW ORDER<\/strong><\/h3>\n<p>[\/et_pb_text][et_pb_text content_tablet=&#8221;<\/p>\n<h3 style=\"%22text-align:\" center;%22>cambiar cant. en carrito <b>\u2665 <\/b>change qty. in cart<\/h3>\n<h3 style=\"%22text-align:\" center;%22><\/h3>\n<p>&#8221; content_phone=&#8221;<\/p>\n<h3 style=\"%22text-align:\" center;%22>cambiar cantidad | change quantity<\/h3>\n<p>&#8221; content_last_edited=&#8221;on|desktop&#8221; admin_label=&#8221;Note: Change Quantities in Cart&#8221; _builder_version=&#8221;4.14.7&#8243; _module_preset=&#8221;a8acd1f6-75ea-47a1-9920-aa2ef32a49a6&#8243; header_3_text_color=&#8221;#b15891&#8243; header_3_font_size=&#8221;1em&#8221; background_color=&#8221;rgba(253,247,215,0.6)&#8221; width=&#8221;65%&#8221; width_tablet=&#8221;85%&#8221; height=&#8221;37px&#8221; custom_margin=&#8221;15px||20px||false|false&#8221; header_3_font_tablet=&#8221;&#8221; header_3_font_phone=&#8221;|800|||||||&#8221; header_3_font_last_edited=&#8221;on|tablet&#8221; header_3_font_size_tablet=&#8221;0.9em&#8221; header_3_font_size_phone=&#8221;0.8em&#8221; border_width_all=&#8221;2px&#8221; border_color_all=&#8221;#449287&#8243; locked=&#8221;off&#8221; global_colors_info=&#8221;{}&#8221;]<\/p>\n<h3 style=\"text-align: center;\">cambiar cantidades en carrito <b>\u2665<\/b> change quantities in cart<\/h3>\n<p>[\/et_pb_text][et_pb_text admin_label=&#8221;Return to Menu&#8221; _builder_version=&#8221;4.14.7&#8243; _module_preset=&#8221;default&#8221; text_font=&#8221;Nunito|600||||on|||&#8221; text_text_color=&#8221;#7aa397&#8243; header_text_align=&#8221;center&#8221; header_text_color=&#8221;#449287&#8243; header_line_height=&#8221;1.9em&#8221; header_3_font=&#8221;|800|||||||&#8221; header_3_text_color=&#8221;#449287&#8243; header_3_font_size=&#8221;23px&#8221; background_color=&#8221;rgba(253,247,215,0.6)&#8221; text_orientation=&#8221;center&#8221; width=&#8221;25%&#8221; width_tablet=&#8221;40%&#8221; width_phone=&#8221;60%&#8221; width_last_edited=&#8221;on|phone&#8221; height=&#8221;37px&#8221; custom_margin=&#8221;-15px|-37px|0px|-21px|false|false&#8221; custom_padding=&#8221;5px|0px|0px|0px|false|false&#8221; animation_style=&#8221;zoom&#8221; animation_delay=&#8221;50ms&#8221; link_option_url=&#8221;https:\/\/panaderialabuenavida.com\/lbv-menu\/&#8221; module_alignment_tablet=&#8221;center&#8221; module_alignment_phone=&#8221;center&#8221; module_alignment_last_edited=&#8221;on|tablet&#8221; border_radii=&#8221;on|20px|20px|20px|20px&#8221; border_width_all=&#8221;2px&#8221; border_color_all=&#8221;#449287&#8243; box_shadow_style=&#8221;preset3&#8243; box_shadow_vertical=&#8221;4px&#8221; box_shadow_blur=&#8221;15px&#8221; global_colors_info=&#8221;{}&#8221;]<\/p>\n<h3 style=\"text-align: center;\">volver al men\u00fa<\/h3>\n<p>[\/et_pb_text][et_pb_text content_tablet=&#8221;<\/p>\n<h3 style=\"%22text-align:\" center;%22>PAGO CUANDO RECIBA CON TARJETA DE CR\u00c9DITO O EFECTIVO<\/h3>\n<h3 style=\"%22text-align:\" center;%22>PAY ON DELIVERY WITH CREDIT CARD OR CASH<\/h3>\n<h3 style=\"%22text-align:\" center;%22><img src=\"%22https:\/\/panaderialabuenavida.com\/wp-content\/uploads\/2022\/02\/VISA.png%22\" width=\"%2245%22\" height=\"%2232%22\" \/> <img src=\"%22https:\/\/panaderialabuenavida.com\/wp-content\/uploads\/2022\/02\/MC.png%22\" width=\"%2245%22\" height=\"%2232%22\" \/> <img src=\"%22https:\/\/panaderialabuenavida.com\/wp-content\/uploads\/2022\/02\/AMEX.png%22\" width=\"%2243%22\" height=\"%2231%22\" \/><\/h3>\n<p>&#8221; content_phone=&#8221;<\/p>\n<h3 style=\"%22text-align:\" center;%22>PAGO CUANDO RECIBA CON TARJETA DE CR\u00c9DITO O EFECTIVO<\/h3>\n<h3 style=\"%22text-align:\" center;%22>PAY ON DELIVERY WITH CREDIT CARD OR CASH<\/h3>\n<h3 style=\"%22text-align:\" center;%22><img src=\"%22https:\/\/panaderialabuenavida.com\/wp-content\/uploads\/2022\/02\/VISA.png%22\" width=\"%2245%22\" height=\"%2232%22\" \/> <img src=\"%22https:\/\/panaderialabuenavida.com\/wp-content\/uploads\/2022\/02\/MC.png%22\" width=\"%2245%22\" height=\"%2232%22\" \/> <img src=\"%22https:\/\/panaderialabuenavida.com\/wp-content\/uploads\/2022\/02\/AMEX.png%22\" width=\"%2243%22\" height=\"%2231%22\" \/><\/h3>\n<p>&#8221; content_last_edited=&#8221;on|phone&#8221; admin_label=&#8221;EFECTIVO | CASH&#8221; _builder_version=&#8221;4.14.7&#8243; _module_preset=&#8221;default&#8221; header_3_font=&#8221;|700||on|||||&#8221; header_3_text_color=&#8221;#449287&#8243; header_3_font_size=&#8221;0.55em&#8221; header_3_letter_spacing=&#8221;0.07em&#8221; custom_padding=&#8221;20px||0px||false|false&#8221; global_colors_info=&#8221;{}&#8221;]<\/p>\n<h3 style=\"text-align: center;\">EFECTIVO, D\u00c9BITO O CR\u00c9DITO CONTRA ENTREGA<\/h3>\n<h3 style=\"text-align: center;\">PAY ON DELIVERY WITH CREDIT\/DEBIT CARD OR CASH<\/h3>\n<h3 style=\"text-align: center;\"><img loading=\"lazy\" decoding=\"async\" src=\"https:\/\/panaderialabuenavida.com\/wp-content\/uploads\/2022\/02\/VISA.png\" width=\"45\" height=\"32\" \/> <img loading=\"lazy\" decoding=\"async\" src=\"https:\/\/panaderialabuenavida.com\/wp-content\/uploads\/2022\/02\/MC.png\" width=\"45\" height=\"32\" \/> <img loading=\"lazy\" decoding=\"async\" src=\"https:\/\/panaderialabuenavida.com\/wp-content\/uploads\/2022\/02\/AMEX.png\" width=\"43\" height=\"31\" \/> <img loading=\"lazy\" decoding=\"async\" src=\"https:\/\/panaderialabuenavida.com\/wp-content\/uploads\/2022\/06\/Discover-lt.png\" width=\"45\" height=\"32\" \/><\/h3>\n<p>[\/et_pb_text][et_pb_text admin_label=&#8221;Pan de Caja-Title&#8221; module_id=&#8221;menu-category&#8221; _builder_version=&#8221;4.14.7&#8243; _module_preset=&#8221;default&#8221; text_text_color=&#8221;#58b1a5&#8243; header_text_align=&#8221;center&#8221; header_letter_spacing=&#8221;2px&#8221; header_3_text_align=&#8221;center&#8221; header_3_text_color=&#8221;#623200&#8243; header_3_font_size=&#8221;0.75em&#8221; header_4_text_align=&#8221;center&#8221; header_4_text_color=&#8221;#b15891&#8243; header_4_font_size=&#8221;0.7em&#8221; header_4_letter_spacing=&#8221;0.03em&#8221; header_4_line_height=&#8221;0.5em&#8221; text_orientation=&#8221;center&#8221; custom_margin=&#8221;10px|0px|0px|0px|false|false&#8221; custom_margin_tablet=&#8221;-10px||||false|false&#8221; custom_margin_phone=&#8221;0px||||false|false&#8221; custom_margin_last_edited=&#8221;on|phone&#8221; custom_padding=&#8221;|0px|0px|0px|false|false&#8221; text_font_tablet=&#8221;&#8221; text_font_phone=&#8221;&#8221; text_font_last_edited=&#8221;on|desktop&#8221; header_3_font_tablet=&#8221;&#8221; header_3_font_phone=&#8221;&#8221; header_3_font_last_edited=&#8221;on|tablet&#8221; header_3_font_size_tablet=&#8221;0.7em&#8221; header_3_font_size_phone=&#8221;&#8221; header_3_font_size_last_edited=&#8221;on|phone&#8221; header_3_letter_spacing_tablet=&#8221;&#8221; header_3_letter_spacing_phone=&#8221;&#8221; header_3_letter_spacing_last_edited=&#8221;on|tablet&#8221; header_3_line_height_tablet=&#8221;&#8221; header_3_line_height_phone=&#8221;&#8221; header_3_line_height_last_edited=&#8221;on|phone&#8221; header_4_text_align_tablet=&#8221;&#8221; header_4_text_align_phone=&#8221;&#8221; header_4_text_align_last_edited=&#8221;on|desktop&#8221; header_4_font_size_tablet=&#8221;0.6em&#8221; header_4_font_size_phone=&#8221;0.6em&#8221; header_4_font_size_last_edited=&#8221;on|tablet&#8221; header_4_line_height_tablet=&#8221;&#8221; header_4_line_height_phone=&#8221;1em&#8221; header_4_line_height_last_edited=&#8221;on|phone&#8221; text_orientation_tablet=&#8221;&#8221; text_orientation_phone=&#8221;&#8221; text_orientation_last_edited=&#8221;on|desktop&#8221; module_alignment_tablet=&#8221;center&#8221; module_alignment_phone=&#8221;&#8221; module_alignment_last_edited=&#8221;on|tablet&#8221; border_color_all=&#8221;#623200&#8243; border_width_bottom=&#8221;5px&#8221; border_color_bottom=&#8221;#7b3f00&#8243; border_style_bottom=&#8221;none&#8221; locked=&#8221;off&#8221; global_colors_info=&#8221;{}&#8221;]<\/p>\n<h4 style=\"line-height: 1.4; text-align: center; font-weight: 700; font-style: italic; color: #b15891 !important;\">Minimum delivery order $200<br \/>\n$200 Delivery order minimum<\/h4>\n<p>[\/et_pb_text][et_pb_text admin_label=&#8221;Your Cart&#8221; _builder_version=&#8221;4.14.7&#8243; _module_preset=&#8221;default&#8221; text_font_size=&#8221;1.2em&#8221; link_text_color=&#8221;#7b3f00&#8243; link_font_size=&#8221;15px&#8221; header_text_align=&#8221;center&#8221; text_orientation=&#8221;center&#8221; custom_margin=&#8221;-20px|0px|0px|0px|false|false&#8221; custom_padding=&#8221;0px|10px||10px|false|false&#8221; module_alignment_tablet=&#8221;center&#8221; module_alignment_phone=&#8221;&#8221; module_alignment_last_edited=&#8221;on|desktop&#8221; global_colors_info=&#8221;{}&#8221;]<\/p>\n<p style=\"text-align: center;\">\u00a0<div id=\"mprm_checkout_wrap\" class=\"mprm-no-styles\">\r\n\r\n\t<span class=\"mprm_empty_cart\">Your cart is empty.<\/span><\/div><\/p>\n<p>[\/et_pb_text][\/et_pb_column][\/et_pb_row][\/et_pb_section][et_pb_section fb_built=&#8221;1&#8243; admin_label=&#8221;VISITANOS | VENDORES&#8221; _builder_version=&#8221;4.14.7&#8243; _module_preset=&#8221;default&#8221; background_color=&#8221;#4e2800&#8243; min_height=&#8221;300px&#8221; height=&#8221;397px&#8221; max_height=&#8221;397px&#8221; custom_margin=&#8221;-60px|0px|0px|0px|false|false&#8221; custom_padding=&#8221;0px|0px|0px|0px|false|false&#8221; locked=&#8221;off&#8221; global_colors_info=&#8221;{}&#8221;][et_pb_row admin_label=&#8221;Row&#8221; _builder_version=&#8221;4.9.7&#8243; _module_preset=&#8221;default&#8221; max_width=&#8221;1980px&#8221; max_width_tablet=&#8221;&#8221; max_width_phone=&#8221;&#8221; max_width_last_edited=&#8221;on|desktop&#8221; module_alignment=&#8221;center&#8221; min_height=&#8221;350px&#8221; min_height_tablet=&#8221;&#8221; min_height_phone=&#8221;&#8221; min_height_last_edited=&#8221;on|desktop&#8221; height=&#8221;350px&#8221; max_height=&#8221;350px&#8221; global_colors_info=&#8221;{}&#8221;][et_pb_column type=&#8221;4_4&#8243; admin_label=&#8221;Column&#8221; _builder_version=&#8221;4.9.7&#8243; _module_preset=&#8221;default&#8221; global_colors_info=&#8221;{}&#8221;][et_pb_text admin_label=&#8221;VISITANOS&#8221; _builder_version=&#8221;4.10.5&#8243; _module_preset=&#8221;default&#8221; text_font=&#8221;Nunito||||||||&#8221; text_text_color=&#8221;#dbb59b&#8221; text_font_size=&#8221;1.1em&#8221; text_letter_spacing=&#8221;0.1px&#8221; text_line_height=&#8221;0.5em&#8221; link_font=&#8221;||||on||||wavy&#8221; link_text_color=&#8221;#dbb59b&#8221; header_font=&#8221;Oswald|700||on|||||&#8221; header_text_color=&#8221;#fdf7d7&#8243; header_font_size=&#8221;34px&#8221; header_letter_spacing=&#8221;2px&#8221; header_line_height=&#8221;1.5em&#8221; header_2_font=&#8221;|700||on|||||&#8221; header_2_text_color=&#8221;#dca57d&#8221; header_2_font_size=&#8221;20px&#8221; header_2_letter_spacing=&#8221;2px&#8221; header_3_font=&#8221;|||||on|||&#8221; header_3_text_color=&#8221;#dca57d&#8221; header_3_font_size=&#8221;24px&#8221; header_3_letter_spacing=&#8221;3px&#8221; min_height=&#8221;276.3px&#8221; custom_margin=&#8221;0px||49px||false|false&#8221; custom_padding=&#8221;||||false|false&#8221; border_color_all=&#8221;rgba(255,255,255,0.7)&#8221; border_radii_tablet=&#8221;&#8221; border_radii_phone=&#8221;&#8221; border_radii_last_edited=&#8221;on|phone&#8221; global_colors_info=&#8221;{}&#8221;]<\/p>\n<h1 style=\"text-align: center;\"><span style=\"color: #fdf7d7;\"><strong>VIS\u00cdTANOS<\/strong><\/span><\/h1>\n<h2 style=\"line-height: 1; text-align: center;\">DIRECCI\u00d3N<\/h2>\n<p style=\"text-align: center;\"><span style=\"color: #dbb59b;\">Calle del Dr Ignacio Hernanadez Macias #72 | <\/span><span style=\"font-size: 15.4px; letter-spacing: 0.1px;\">Centro, San Miguel de Allende, GTO<\/span><\/p>\n<p style=\"text-align: center;\"><span style=\"color: #dbb59b;\"><\/span><\/p>\n<h2 style=\"line-height: 1; text-align: center;\">CONTACTOS<\/h2>\n<p style=\"font-weight: bold; letter-spacing: 0.15em; text-align: center;\">LA PANADER\u00cdA: <span style=\"font-size: 15.4px; letter-spacing: 0.1px; font-weight: 500;\">415 152 2211\u00a0 |\u00a0 <\/span>WHATSAPP: <span style=\"color: #dbb59b;\">415 177 6153<\/span><\/p>\n<p style=\"font-weight: bold; letter-spacing: 0.15em; text-align: center;\">CORREO ELECTR\u00d3NICO:\u00a0<span style=\"color: #dbb59b;\"><a class=\"oajrlxb2 g5ia77u1 qu0x051f esr5mh6w e9989ue4 r7d6kgcz rq0escxv nhd2j8a9 nc684nl6 p7hjln8o kvgmc6g5 cxmmr5t8 oygrvhab hcukyx3x jb3vyjys rz4wbd8a qt6c0cv9 a8nywdso i1ao9s8h esuyzwwr f1sip0of lzcic4wl py34i1dx gpro0wi8\" role=\"link\" href=\"mailto:labuenavidasma@yahoo.com\" target=\"_blank\" rel=\"noopener\" tabindex=\"0\">labuenavidasma@yahoo.com<\/a><\/span><\/p>\n<h2 style=\"line-height: 1; text-align: center;\"><\/h2>\n<h2 style=\"line-height: 1; text-align: center;\">LUNES A S\u00c1BADO<\/h2>\n<p style=\"font-weight: bold; letter-spacing: 0.15em; text-align: center;\">8AM \u2013 3PM<\/p>\n<p style=\"font-weight: bold; letter-spacing: 0.15em; text-align: center;\">S\u00c1B: TIANGUIS TOSMA | 9AM \u2013 3PM<\/p>\n<p>[\/et_pb_text][\/et_pb_column][\/et_pb_row][\/et_pb_section]<\/p>","protected":false},"excerpt":{"rendered":"<p>REVISAR PEDIDO \/ REVIEW ORDERcambiar cantidades en carrito \u2665 change quantities in cartvolver al men\u00faEFECTIVO, D\u00c9BITO O CR\u00c9DITO CONTRA ENTREGA PAY ON DELIVERY WITH CREDIT\/DEBIT CARD OR CASH Orden de entrega m\u00ednima de $200 $200 Delivery order minimum\u00a0<div id=\"mprm_checkout_wrap\" class=\"mprm-no-styles\">\r\n\r\n\t<span class=\"mprm_empty_cart\">Your cart is empty.<\/span><\/div>VIS\u00cdTANOS DIRECCI\u00d3N Calle del Dr Ignacio Hernanadez Macias #72 | Centro, San Miguel de Allende, GTO CONTACTOS LA [&hellip;]<\/p>","protected":false},"author":1,"featured_media":0,"parent":0,"menu_order":0,"comment_status":"closed","ping_status":"closed","template":"","meta":{"_et_pb_use_builder":"on","_et_pb_old_content":"<p>[mprm_checkout]<\/p>","_et_gb_content_width":"","inline_featured_image":false,"footnotes":""},"class_list":["post-751","page","type-page","status-publish","hentry"],"jetpack_sharing_enabled":true,"_links":{"self":[{"href":"https:\/\/panaderialabuenavida.com\/en\/wp-json\/wp\/v2\/pages\/751","targetHints":{"allow":["GET"]}}],"collection":[{"href":"https:\/\/panaderialabuenavida.com\/en\/wp-json\/wp\/v2\/pages"}],"about":[{"href":"https:\/\/panaderialabuenavida.com\/en\/wp-json\/wp\/v2\/types\/page"}],"author":[{"embeddable":true,"href":"https:\/\/panaderialabuenavida.com\/en\/wp-json\/wp\/v2\/users\/1"}],"replies":[{"embeddable":true,"href":"https:\/\/panaderialabuenavida.com\/en\/wp-json\/wp\/v2\/comments?post=751"}],"version-history":[{"count":130,"href":"https:\/\/panaderialabuenavida.com\/en\/wp-json\/wp\/v2\/pages\/751\/revisions"}],"predecessor-version":[{"id":5793,"href":"https:\/\/panaderialabuenavida.com\/en\/wp-json\/wp\/v2\/pages\/751\/revisions\/5793"}],"wp:attachment":[{"href":"https:\/\/panaderialabuenavida.com\/en\/wp-json\/wp\/v2\/media?parent=751"}],"curies":[{"name":"wp","href":"https:\/\/api.w.org\/{rel}","templated":true}]}}